{"id":4092,"date":"2018-12-14T15:55:35","date_gmt":"2018-12-14T14:55:35","guid":{"rendered":"https:\/\/summer.deejay.hr\/?page_id=4092"},"modified":"2024-03-13T23:39:35","modified_gmt":"2024-03-13T22:39:35","slug":"geschaeftsbedingungen","status":"publish","type":"page","link":"https:\/\/summer.deejay.hr\/de\/geschaeftsbedingungen\/","title":{"rendered":"Gesch\u00e4ftsbedingungen"},"content":{"rendered":"<div class=\"wpb-content-wrapper\"><p>[vc_row][vc_column width=&#8220;1\/6&#8243;][\/vc_column][vc_column width=&#8220;2\/3&#8243;][vc_column_text]Dies sind die Allgemeinen Gesch\u00e4ftsbedingungen des UNTERNEHMENS (nachfolgend &#8222;Allgemeine Bedingungen&#8220; genannt). Durch die Nutzung der Website, der Dienste des Internetshops oder durch die Beantragung eines Kundenkontos erkl\u00e4ren Sie sich mit diesen Allgemeinen Bedingungen einverstanden, die einen integralen Bestandteil jedes zwischen Ihnen und dem UNTERNEHMEN geschlossenen Vertrags darstellen.<\/p>\n<p>Bitte lesen Sie diese Allgemeinen Bedingungen sorgf\u00e4ltig durch. Wenn eine Bestimmung dieser Allgemeinen Bedingungen nicht klar oder verst\u00e4ndlich ist, k\u00f6nnen Sie uns gerne kontaktieren unter T: +385912010336, E: info@deejay.hr, Adresse: Vicka Gecana 5, 10360 Sesvete. Wenn Sie mit den Allgemeinen Bedingungen nicht einverstanden sind, bitten wir Sie h\u00f6flich, die Dienste der Website und des Internetshops sowie alle damit verbundenen Inhalte nicht zu nutzen.<\/p>\n<p>Die Allgemeinen Bedingungen sind auf Kroatisch verf\u00fcgbar.<\/p>\n<h3 style=\"text-align: center;\">I\/ ALLGEMEINE BESTIMMUNGEN<\/h3>\n<p><strong>Definitionen<\/strong><\/p>\n<p>1.1. In diesen Allgemeinen Bedingungen haben, sofern der Kontext nichts anderes erfordert, die folgenden hier verwendeten Ausdr\u00fccke die folgenden Bedeutungen:<\/p>\n<p>&#8222;<strong>Vertrag<\/strong>&#8220; bezeichnet jeden Kaufvertrag, der f\u00fcr einen festgelegten Zeitraum zwischen dem UNTERNEHMEN und dem Nutzer \u00fcber die Website geschlossen wird.<\/p>\n<p>&#8222;<strong>Arbeitstag<\/strong>&#8220; bezeichnet jeden Tag, an dem Gesch\u00e4ftsbanken f\u00fcr allgemeine Gesch\u00e4fte (einschlie\u00dflich Devisendienstleistungen und Fremdw\u00e4hrungseinlagen) in Zagreb, Kroatien, ge\u00f6ffnet sind;<\/p>\n<p>&#8222;<strong>EUR<\/strong>&#8220; bezeichnet die offizielle W\u00e4hrung der Republik Kroatien;<\/p>\n<p>&#8222;<strong>Website<\/strong>&#8220; bezeichnet deejay.hr und alle ihre Unterseiten<\/p>\n<p>&#8222;<strong>UNTERNEHMEN<\/strong>&#8220; bezeichnet Radio Deejay d.o.o., ans\u00e4ssig in Vicka Gecana 5, 10360 Sesvete, Kroatien; OIB: 43459317368 eingetragen im Handelsgericht Zagreb unter der Nummer MB: 080659728<\/p>\n<p>&#8222;<strong>Produkt<\/strong>&#8220; bezeichnet jedes Produkt oder jede Dienstleistung aus dem Sortiment des UNTERNEHMENS, das bzw. die das UNTERNEHMEN \u00fcber das Internet anbietet und\/oder verkauft<\/p>\n<p>&#8222;<strong>Nutzer<\/strong>&#8220; bezeichnet jede nat\u00fcrliche Person, die als Verbraucher einen Vertrag mit dem UNTERNEHMEN abschlie\u00dft<\/p>\n<p>&#8222;<strong>H\u00f6here Gewalt<\/strong>&#8220; In Bezug auf jede Vertragspartei bedeutet dies Umst\u00e4nde au\u00dferhalb der vern\u00fcnftigen Kontrolle dieser Vertragspartei, einschlie\u00dflich, aber nicht beschr\u00e4nkt auf, Handlungen Gottes, Handlungen irgendeiner Regierung oder \u00fcberstaatlichen Beh\u00f6rde, Ausbruch von Konflikten, nationale Notlagen, Unruhen, \u00f6ffentliche Unruhen, Br\u00e4nde, Explosionen, \u00dcberschwemmungen, Epidemien, Streiks (ob von der Partei oder anderweitig), Beschr\u00e4nkungen;<\/p>\n<p>1.2. In diesen Allgemeinen Bedingungen gelten die folgenden Auslegungsregeln:<\/p>\n<p>(i) sofern der Kontext nichts anderes erfordert, schlie\u00dfen W\u00f6rter im Singular den Plural ein und umgekehrt;<br \/>\n(ii) Verweise auf einen bestimmten Artikel, Abschnitt oder Anhang gelten als Verweise auf diesen bestimmten Artikel, Abschnitt oder Anhang dieser Allgemeinen Bedingungen;<br \/>\n(iii) \u00dcberschriften und Unter\u00fcberschriften dienen ausschlie\u00dflich der Erleichterung der Orientierung und haben keinen Einfluss auf die Auslegung dieser Nutzungsbedingungen;<br \/>\n(iv) jeder Verweis auf eine Gesetzesbestimmung bedeutet einen Verweis auf diese Bestimmung, wie sie von Zeit zu Zeit ge\u00e4ndert werden kann;<br \/>\n(v) der Verweis auf \u201ePerson\u201c schlie\u00dft jede Person, nat\u00fcrliche oder juristische, Unternehmen, Gesellschaft, K\u00f6rperschaft, Regierung, Staat oder staatliche Agentur, Stiftung, Personengesellschaft oder Vereinigung (unabh\u00e4ngig davon, ob sie eine separate Rechtspers\u00f6nlichkeit besitzt) oder zwei oder mehr der vorgenannten ein und der Verweis auf \u201ePerson\u201c umfasst auch deren Universalerben, zugelassene Empf\u00e4nger und Erwerber;<br \/>\n(vi) \u201eeinschlie\u00dflich\u201c und \u201eumfasst\u201c werden als gefolgt von dem Ausdruck \u201eohne Einschr\u00e4nkung\u201c angesehen, auch wenn dies nicht ausdr\u00fccklich so angegeben ist.<\/p>\n<p>1.3. Diese Allgemeinen Bedingungen sind ein integraler Bestandteil jedes zwischen dem UNTERNEHMEN und dem Nutzer geschlossenen Vertrags.<\/p>\n<h3 style=\"text-align: center;\">Vertragsabschluss<\/h3>\n<p>2.1. Der Vertrag wird mittels Fernkommunikationsmitteln \u2013 \u00fcber den Webshop gem\u00e4\u00df den nachstehend angegebenen Bedingungen geschlossen<\/p>\n<p>2.2. Das Angebot des UNTERNEHMENS auf der Website gilt als Einladung an den Nutzer, einen Vertrag abzuschlie\u00dfen. Das Angebot des UNTERNEHMENS ist nicht verbindlich, und das UNTERNEHMEN hat jederzeit das Recht, das Produktangebot zu \u00e4ndern<\/p>\n<p>2.3. Der K\u00e4ufer bestellt das Produkt, indem er das Online-Formular ausf\u00fcllt und eine Zahlungsmethode ausw\u00e4hlt. Die Bestellung ist abgeschlossen, wenn der Nutzer erfolgreich den gesamten Bestellprozess durchl\u00e4uft. Der Bestellprozess besteht aus der Auswahl von Produkten und der Eingabe erforderlicher Informationen, der Best\u00e4tigung der Bestellung und der Bezahlung derselben. Durch Abschluss der Bestellung und Akzeptieren dieser Bedingungen gilt der Vertrag als geschlossen.<\/p>\n<p>2.4. Der Nutzer erh\u00e4lt in K\u00fcrze eine Bestellbest\u00e4tigung per E-Mail, es sei denn, das UNTERNEHMEN ist vor\u00fcbergehend nicht in der Lage, E-Best\u00e4tigungen aufgrund von Netzwerkkommunikationsproblemen zu senden. Nachdem das Produkt versandt wurde, wird das UNTERNEHMEN den Nutzer per E-Mail dar\u00fcber informieren, dass das Produkt an den Lieferservice \u00fcbergeben wurde und \u00fcber die erwartete Lieferzeit, was als Abschluss des Vertrags gilt.<\/p>\n<p>2.5. Das UNTERNEHMEN beh\u00e4lt sich das Recht vor, das Produkt jederzeit aus dem Angebot zur\u00fcckzuziehen oder eine best\u00e4tigte Bestellung zu stornieren und\/oder abzulehnen. Falls das Produkt bezahlt wurde, wird das UNTERNEHMEN dem Nutzer das Geld zur\u00fcckerstatten.<\/p>\n<h3 style=\"text-align: center;\">Recht auf einseitige Vertragsaufl\u00f6sung<\/h3>\n<p>3.1. Der Nutzer hat das Recht, den Vertrag ohne Angabe von Gr\u00fcnden innerhalb von 14 Tagen ab dem Tag der Lieferung des Produkts bzw. des letzten Produkts aus derselben Bestellung einseitig aufzul\u00f6sen.<\/p>\n<p>3.2. Die Erkl\u00e4rung \u00fcber die Aufl\u00f6sung muss klar und in schriftlicher Form erfolgen, und der Nutzer kann sie per Einschreiben an die Adresse des Firmensitzes oder per E-Mail senden. Der Nutzer kann auch das Formular zur Aufl\u00f6sung verwenden.<\/p>\n<p>3.3. Der Nutzer ist verpflichtet, das Produkt innerhalb von 14 Tagen ab dem Tag, an dem das UNTERNEHMEN \u00fcber die Aufl\u00f6sung des Vertrags informiert wurde, zur\u00fcckzusenden. Die R\u00fccksendekosten tr\u00e4gt das UNTERNEHMEN.<\/p>\n<p>3.4. Im Falle einer einseitigen Vertragsaufl\u00f6sung wird das UNTERNEHMEN den Kaufpreis des Produkts zur\u00fcckerstatten. Das UNTERNEHMEN wird keine zus\u00e4tzlichen Versandkosten erstatten, die auf Wunsch des Nutzers entstanden sind. Die R\u00fcckerstattung erfolgt auf das Zahlungsmittel des Nutzers, mit dem das Produkt bezahlt wurde, innerhalb von 14 Tagen ab dem Tag, an dem das UNTERNEHMEN die R\u00fccksendung des Produkts erhalten hat, oder innerhalb von 14 Tagen, nachdem der Nutzer den Nachweis erbracht hat, dass das Produkt zur\u00fcckgesendet wurde, falls das UNTERNEHMEN dar\u00fcber vor Erhalt des Produkts informiert wurde.<\/p>\n<h3 style=\"text-align: center;\">Preis<\/h3>\n<p>4.1. Die Preise sind in Euro mit dem entsprechenden Mehrwertsteuer angegeben. Preise und Zahlungsbedingungen gelten ausschlie\u00dflich zum Zeitpunkt der Zahlung und k\u00f6nnen ohne vorherige Ank\u00fcndigung ge\u00e4ndert werden.<\/p>\n<p>4.2. Dem Nutzer wird eine Rechnung in elektronischer Form ausgestellt und per E-Mail-Adresse zugestellt.<\/p>\n<p><strong>Zahlungsweise<\/strong><br \/>\nDie bestellten Produkte k\u00f6nnen vom Nutzer bezahlt werden mit:<\/p>\n<p><strong>Corvus Pay \u2013 Kartenzahlung<\/strong> \u2013 Diese Zahlungsmethode k\u00f6nnen Nutzer verwenden, die Visa, Mastercard, Maestro und Diners Karten bei jeder Bank haben.<\/p>\n<p><strong>\u00dcberweisung<\/strong> \u2013 Im Falle der Auswahl dieser Zahlungsmethode erh\u00e4lt der Nutzer einen Vorauszahlungsbeleg mit den Zahlungsdetails und der Zahlungsfrist an die angegebene E-Mail-Adresse. Falls der Nutzer die Bestellung innerhalb der gegebenen Frist nicht bezahlt, wird angenommen, dass er davon zur\u00fcckgetreten ist.<br \/>\nDie Abrechnung erfolgt in Euro-W\u00e4hrung nach den Preisen, die zum Zeitpunkt der Bestellung angegeben sind.<\/p>\n<h3 style=\"text-align: center;\">Haftung<\/h3>\n<p>6.1. Das UNTERNEHMEN legt gro\u00dfen Wert auf die Produkte, die es seinen Kunden liefert, kann Fehler jedoch nicht vollst\u00e4ndig ausschlie\u00dfen. Im unwahrscheinlichen Fall eines Schadens ist unsere Haftung, aus welchem Grund auch immer, gem\u00e4\u00df den folgenden Regeln begrenzt:<\/p>\n<p>(i) Das UNTERNEHMEN haftet bis zur H\u00f6he des Produktpreises.<br \/>\n(ii) Das UNTERNEHMEN haftet nicht in F\u00e4llen h\u00f6herer Gewalt, wie z. B. St\u00f6rungen im Internet oder in der Telekommunikationsausr\u00fcstung, Netzwerkangriffe, Stromausf\u00e4lle, Angriffe durch Schadsoftware oder Viren, M\u00e4ngel von Seiten, von denen das UNTERNEHMEN f\u00fcr die Ausf\u00fchrung des Vertrags abh\u00e4ngig ist, Feuer, \u00dcberschwemmungen, Krankheit, Abwesenheit von Mitarbeitern oder Regierungsma\u00dfnahmen.<br \/>\n(iii) In keinem Fall wird das UNTERNEHMEN f\u00fcr entgangenen Gewinn, entgangene Ersparnisse oder Verlust von gespeicherten Daten und Sch\u00e4den, die durch Betriebsunterbrechungen verursacht wurden, haftbar sein.<br \/>\n(iii) Jeder Schaden muss dem UNTERNEHMEN so schnell wie m\u00f6glich gemeldet werden. Das Recht auf Entsch\u00e4digung erlischt, wenn Sie das UNTERNEHMEN nicht innerhalb von 30 Tagen nach Eintritt des Schadens \u00fcber den Schaden informieren.<\/p>\n<p>6.2. Das beschriebene Haftungsschema gilt nicht f\u00fcr F\u00e4lle, in denen die Haftung des UNTERNEHMENS gesetzlich nicht ausgeschlossen werden kann.<\/p>\n<h3 style=\"text-align: center;\">\u00c4nderungen der Allgemeinen Bedingungen<\/h3>\n<p>7.1. Das UNTERNEHMEN kann die Allgemeinen Bedingungen jederzeit aktualisieren oder \u00e4ndern, woraufhin wir die Nutzer darauf hinweisen, die Allgemeinen Bedingungen vor jeder Bestellung zu lesen.<\/p>\n<p>7.2. Jede \u00c4nderung der Allgemeinen Bedingungen wird \u00fcber diese Website ver\u00f6ffentlicht. Die ge\u00e4nderten Allgemeinen Bedingungen gelten f\u00fcr neue, nicht abgeschlossene Bestellungen des Nutzers.<\/p>\n<h3 style=\"text-align: center;\">Anwendbares Recht, Streitbeilegung und Recht auf Beschwerde<\/h3>\n<p>8.1. Alle Vertr\u00e4ge, die das UNTERNEHMEN mit seinen Kunden abschlie\u00dft, unterliegen den Gesetzen der Republik Kroatien.<\/p>\n<p>8.2. Der Nutzer hat das Recht, dem UNTERNEHMEN eine schriftliche Beschwerde einzureichen, falls er mit dem bestellten Produkt oder der Dienstleistung des UNTERNEHMENS unzufrieden ist. Die Beschwerde wird schriftlich an die Adresse des Firmensitzes des UNTERNEHMENS oder per E-Mail eingereicht: info@deejay.hr. Um uns zu erm\u00f6glichen, so schnell und effizient wie m\u00f6glich auf die Beschwerde zu reagieren, geben Sie bitte in der Beschwerde die Bestellnummer, den Namen und den Nachnamen sowie die Adresse an. Das Unternehmen ist verpflichtet, den Eingang der Beschwerde unverz\u00fcglich zu best\u00e4tigen und auf Ihre Beschwerde innerhalb von 15 Tagen ab dem Tag des Eingangs zu antworten.<\/p>\n<p>8.4. Wenn der Nutzer mit dem Ergebnis nach Einreichung der Beschwerde nicht zufrieden ist, hat der Nutzer das Recht, seine Rechte durch Klagen bei den Ehrengerichten der Kroatischen Wirtschaftskammer (nachfolgend: HGK) und der Kroatischen Handwerkskammer (nachfolgend: HOK) zu sch\u00fctzen oder ein Verfahren zur alternativen Streitbeilegung vor einem der notifizierten Stellen gem\u00e4\u00df dem Gesetz \u00fcber die alternative Streitbeilegung einzuleiten.<\/p>\n<p>8.5. Gem\u00e4\u00df der Verordnung 524\/2103 steht dem Nutzer auch eine Online-Streitbeilegungsplattform zur Verf\u00fcgung, die unter folgendem Link erreichbar ist: http:\/\/ec.europa.eu\/consumers\/odr\/. Der Nutzer und das UNTERNEHMEN haben das Recht, \u00fcber die genannte Online-Plattform eine Beschwerde einzureichen, um rechtliche Streitigkeiten beizulegen.<\/p>\n<p>8.6. F\u00fcr alle weiteren Anfragen k\u00f6nnen Sie uns direkt per E-Mail oder schriftlich an die Adresse des Firmensitzes kontaktieren.<\/p>\n<p>8.7. Die Haftung f\u00fcr Sachm\u00e4ngel wird gem\u00e4\u00df den Bestimmungen des Abschnitts 8 der Allgemeinen Bedingungen und den Bestimmungen des anwendbaren Gesetzes geregelt.<\/p>\n<h3 style=\"text-align: center;\">Datenschutz<\/h3>\n<p>9.1. Informationen zur Verarbeitung Ihrer personenbezogenen Daten finden Sie in der Datenschutzrichtlinie, die unter dem Link verf\u00fcgbar ist: https:\/\/sumer.deejay.hr\/datenschutzrichtlinie\/[\/vc_column_text][\/vc_column][vc_column width=&#8220;1\/6&#8243;][\/vc_column][\/vc_row]<\/p>\n<\/div>","protected":false},"excerpt":{"rendered":"<p>[vc_row][vc_column width=&#8220;1\/6&#8243;][\/vc_column][vc_column width=&#8220;2\/3&#8243;][vc_column_text]Dies sind die Allgemeinen Gesch\u00e4ftsbedingungen des UNTERNEHMENS (nachfolgend &#8222;Allgemeine Bedingungen&#8220; genannt). Durch die Nutzung der Website, der Dienste des Internetshops oder durch die Beantragung eines Kundenkontos erkl\u00e4ren Sie sich mit diesen Allgemeinen Bedingungen einverstanden, die einen integralen Bestandteil&#8230;<\/p>\n","protected":false},"author":1,"featured_media":0,"parent":0,"menu_order":0,"comment_status":"closed","ping_status":"closed","template":"","meta":{"_acf_changed":false,"footnotes":""},"class_list":["post-4092","page","type-page","status-publish","hentry"],"acf":[],"_links":{"self":[{"href":"https:\/\/summer.deejay.hr\/de\/wp-json\/wp\/v2\/pages\/4092","targetHints":{"allow":["GET"]}}],"collection":[{"href":"https:\/\/summer.deejay.hr\/de\/wp-json\/wp\/v2\/pages"}],"about":[{"href":"https:\/\/summer.deejay.hr\/de\/wp-json\/wp\/v2\/types\/page"}],"author":[{"embeddable":true,"href":"https:\/\/summer.deejay.hr\/de\/wp-json\/wp\/v2\/users\/1"}],"replies":[{"embeddable":true,"href":"https:\/\/summer.deejay.hr\/de\/wp-json\/wp\/v2\/comments?post=4092"}],"version-history":[{"count":0,"href":"https:\/\/summer.deejay.hr\/de\/wp-json\/wp\/v2\/pages\/4092\/revisions"}],"wp:attachment":[{"href":"https:\/\/summer.deejay.hr\/de\/wp-json\/wp\/v2\/media?parent=4092"}],"curies":[{"name":"wp","href":"https:\/\/api.w.org\/{rel}","templated":true}]}}