{"id":4101,"date":"2018-11-13T15:34:26","date_gmt":"2018-11-13T14:34:26","guid":{"rendered":"https:\/\/summer.deejay.hr\/?page_id=4101"},"modified":"2024-03-14T00:03:58","modified_gmt":"2024-03-13T23:03:58","slug":"privacy-policy","status":"publish","type":"page","link":"https:\/\/summer.deejay.hr\/de\/privacy-policy\/","title":{"rendered":"Privacy Policy"},"content":{"rendered":"<div class=\"wpb-content-wrapper\"><p>[vc_row][vc_column width=&#8220;1\/6&#8243;][\/vc_column][vc_column width=&#8220;2\/3&#8243;][vc_column_text]RADIO DEEJAY d.o.o., 10360 Sesvete, Vicka Gecana 5 (Eigent\u00fcmer der Website deejay.hr, im Folgenden als &#8222;Web&#8220; bezeichnet) als Verantwortlicher f\u00fcr die Datenverarbeitung, im Folgenden als (&#8222;Wir&#8220;) gem\u00e4\u00df dem Prinzip der Transparenz und den Bestimmungen der Allgemeinen Datenschutzverordnung (DSGVO) am 20. Februar 2024, erl\u00e4sst folgendes:<\/p>\n<p><strong>**DATENSCHUTZRICHTLINIE**<\/strong><\/p>\n<p><strong>**Liebe Besucherin, lieber Besucher,**<\/strong><\/p>\n<p>Da es unser Ziel ist, dass Sie unser Web so sicher und sorgenfrei wie m\u00f6glich nutzen k\u00f6nnen, haben wir besonderes Augenmerk auf den Schutz Ihrer pers\u00f6nlichen Daten gelegt. Der Zweck dieser Datenschutzrichtlinie ist es, Ihnen auf m\u00f6glichst klare und einfache Weise zu erkl\u00e4ren, welche pers\u00f6nlichen Daten wir sammeln, wie lange wir sie sammeln, warum wir sie sammeln, wer Zugang zu Ihren pers\u00f6nlichen Daten hat, welche Rechte Sie haben und wie Sie diese nutzen k\u00f6nnen. \u00dcber m\u00f6gliche \u00c4nderungen und Erg\u00e4nzungen der Richtlinie werden Sie rechtzeitig informiert, einschlie\u00dflich durch Ver\u00f6ffentlichung im Web.<\/p>\n<p><strong>**Was sind pers\u00f6nliche Daten?**<\/strong><\/p>\n<p>Wenn Sie an der genauen gesetzlichen Definition von pers\u00f6nlichen Daten interessiert sind, klicken Sie auf &#8222;Wer mehr wissen m\u00f6chte&#8220;. Einfach ausgedr\u00fcckt, beinhalten pers\u00f6nliche Daten Informationen wie Ihre E-Mail-Adresse\/Wohnadresse\/Handynummer\/Name, Nachname usw. Pers\u00f6nliche Daten k\u00f6nnen auch numerische Kennungen wie die IP-Adresse eines Computers, die MAC-Adresse eines Mobiltelefons oder Cookies umfassen, vorausgesetzt, dass Sie anhand dieser Daten identifiziert werden k\u00f6nnen.<\/p>\n<p><strong>**Wie und warum sammeln wir pers\u00f6nliche Daten? Wie sammeln wir pers\u00f6nliche Daten?:**<\/strong><br \/>\n1. Direkt von Ihnen; wenn Sie sich f\u00fcr unseren Newsletter anmelden, bei uns kaufen, an einem Gewinnspiel teilnehmen, uns per E-Mail oder \u00fcber soziale Medien kontaktieren.<br \/>\n2. Automatisch \u2013 wenn Sie unser Web nutzen, sammeln wir automatisch folgende Daten:<br \/>\n&#8211; Geolokalisierung nur, wenn Sie diese aktiviert haben,<br \/>\n&#8211; Informationen \u00fcber das Ger\u00e4t, das Sie verwenden (Modell, Ger\u00e4tekennung, Mobilfunknetz usw.),<br \/>\n&#8211; Nutzungsdaten, die IP-Adressen, Zeit und Dauer des Zugriffs, Browsertyp, Zugriffsart auf das Web, besuchte Seiten oder genutzte Funktionen in der mobilen App, Fehler w\u00e4hrend der Nutzung usw. enthalten k\u00f6nnen.<br \/>\n3. Von Dritten \u2013 \u00fcber soziale Netzwerkplattformen<br \/>\nWichtig! Unsere Website ist nicht f\u00fcr Personen unter 16 Jahren bestimmt. Wir raten allen Eltern und Erziehungsberechtigten, ihre Kinder zu lehren, wie sie im Internet sicher und verantwortungsbewusst mit pers\u00f6nlichen Daten umgehen.<\/p>\n<p><strong>**Und warum verwenden wir Ihre pers\u00f6nlichen Daten?**<\/strong><\/p>\n<p><strong>**Zum Zweck der Kommunikation mit Ihnen \u2013**<\/strong> Wenn Sie uns eine E-Mail oder eine Nachricht \u00fcber soziale Netzwerke senden, sammeln wir Ihre pers\u00f6nlichen Daten: Name und Nachname, E-Mail-Adresse oder der Name Ihres sozialen Netzwerkkontos, der Inhalt Ihrer Anfrage. Pers\u00f6nliche Daten werden nur verwendet, um auf Ihre Anfrage zu antworten oder um Informationen oder eine Antwort zu dem zu geben, f\u00fcr das Sie Interesse gezeigt haben. Die rechtliche Grundlage f\u00fcr die Verarbeitung pers\u00f6nlicher Daten ist unser legitimes Interesse.<\/p>\n<p><strong>**Direktmarketing (\u00fcber Newsletter) \u2013**<\/strong> Sind Sie an Neuigkeiten, Aktionen und Angeboten von unserem Web interessiert? In diesem Fall k\u00f6nnen Sie sich f\u00fcr den Newsletter anmelden, und wir verarbeiten dann Ihre pers\u00f6nlichen Daten (Name und Nachname, E-Mail-Adresse), um Ihnen diese regelm\u00e4\u00dfig per E-Mail zusenden zu k\u00f6nnen. Die rechtliche Grundlage f\u00fcr die Verarbeitung pers\u00f6nlicher Daten in diesem Fall ist Ihre Zustimmung. Wenn Sie genug von uns haben, k\u00f6nnen Sie die gegebene Zustimmung jederzeit widerrufen und sich \u00fcber den Link, der in jeder E-Mail-Marketing-Nachricht verf\u00fcgbar ist, von der Marketing-Mailingliste abmelden.<\/p>\n<p><strong>**Gewinnspiele \u2013**<\/strong> Wir neigen oft dazu, gro\u00dfz\u00fcgig zu sein, daher organisieren wir Gewinnspiele (Giveaway). Um an einem Gewinnspiel teilnehmen zu k\u00f6nnen, werden wir<\/p>\n<p>Sie um bestimmte pers\u00f6nliche Daten bitten, die Name und Nachname, Adresse, Telefonnummer (falls Sie einen Preis gewinnen, damit wir wissen, wohin wir ihn senden sollen) und Ihren kreativen Beitrag\/Foto\/Antwort, die Sie gesendet haben, um am Gewinnspiel teilzunehmen, umfassen. Die Bereitstellung pers\u00f6nlicher Daten ist freiwillig, aber wenn Sie sich weigern, diese bereitzustellen, wird Ihre Bewerbung f\u00fcr das Gewinnspiel als ung\u00fcltig angesehen. Einzelheiten zur Verarbeitung pers\u00f6nlicher Daten im Falle der Organisation eines Gewinnspiels werden in den speziellen Regeln des Gewinnspiels festgelegt, die wir im Web ver\u00f6ffentlichen werden.<\/p>\n<p><strong>**Wartung und Sicherheit der Website \u2013**<\/strong> Um unser Web so sicher wie m\u00f6glich f\u00fcr das Surfen zu machen, verwenden wir ein Programm eines Drittanbieters (Firewall), das \u00fcberpr\u00fcft, ob die Seite funktioniert, wie sie soll, und vor b\u00f6sartiger Software sch\u00fctzt. Zu diesem Zweck werden automatisch gesammelte Daten (IP-Adresse, Log.) aufgrund unseres legitimen Interesses verarbeitet.<\/p>\n<p><strong>**Bearbeitung von Bestellungen und Lieferung gekaufter Produkte \u2013**<\/strong> Wir sammeln Ihre Daten auch beim Kauf von Produkten aus unserem Sortiment \u00fcber den Webshop. Daten, die mit einem Sternchen (*) markiert sind, sind Daten, die notwendig sind, um Ihren Kauf abzuschlie\u00dfen, und im Falle der Verweigerung k\u00f6nnen wir Ihre Bestellung nicht erf\u00fcllen. Pers\u00f6nliche Daten werden zum Zweck der Bearbeitung Ihrer Bestellung und der Lieferung des gekauften Produkts an die angegebene Adresse verwendet. Die rechtliche Grundlage f\u00fcr die Verarbeitung pers\u00f6nlicher Daten in diesem Fall ist die Erf\u00fcllung des Vertrags (Kaufvertrag), bei dem Sie Vertragspartei sind. Wir betonen, dass wir keine Daten \u00fcber Bankkarten speichern, wenn Sie \u00fcber den Webshop kaufen, und die Zahlung erfolgt \u00fcber das CorvusPay-Zahlungsgateway. Beachten Sie, dass das CorvusPay-Zahlungsgateway seine eigenen Datenschutzregeln hat, und wir sind nicht verantwortlich oder haftbar daf\u00fcr.<\/p>\n<p><strong>**Reklamationen \u2013**<\/strong> Sind Sie mit dem gekauften Produkt nicht zufrieden? In diesem Fall haben Sie das Recht, eine Beschwerde einzureichen, und es ist unsere gesetzliche Pflicht, Sie \u00fcber das Recht auf Einreichung einer Beschwerde zu informieren und darauf zu antworten. Pers\u00f6nliche Daten, die in Ihrer schriftlichen Beschwerde enthalten sind (zum Beispiel Name und Nachname, Adresse, Daten \u00fcber das gekaufte Produkt, Kaufdatum, Beschreibung des Mangels), werden zum Zweck der Bearbeitung der eingereichten Beschwerde (Reklamation) verarbeitet. Die rechtliche Grundlage ist unsere gesetzliche Verpflichtung als H\u00e4ndler, Ihnen als Verbraucher auf die eingereichte Beschwerde zu antworten.<\/p>\n<p><strong>**Umtausch\/R\u00fcckgabe des gekauften Produkts \u2013**<\/strong> Gef\u00e4llt Ihnen nicht, was Sie gekauft haben? Wir sammeln Ihre Daten (Name und Nachname, Produktdaten, Kaufdatum, Zahlungsmethode), wenn Sie das Recht auf R\u00fcckgabe oder Umtausch des Produkts haben, um das gekaufte Produkt umtauschen zu k\u00f6nnen.<\/p>\n<p><strong>**Entwicklung und Verbesserung unserer Dienstleistungen und Produkte \u2013**<\/strong> Unser Ziel ist es, so gut wie m\u00f6glich zu sein und von unseren Kunden zu lernen. Wenn Sie ein Produkt von uns kaufen oder uns kontaktieren, k\u00f6nnen wir Ihnen eine E-Mail senden, um das gekaufte Produkt oder die Kommunikation mit uns zu bewerten. Unser legitimes Interesse besteht darin, unser Gesch\u00e4ft zu verbessern und aktiv an der Entwicklung unseres Verkaufssortiments zu arbeiten.<\/p>\n<p><strong>**Erf\u00fcllung unserer gesetzlichen Verpflichtungen \u2013**<\/strong> Einige pers\u00f6nliche Daten m\u00fcssen wir verarbeiten, um gesetzliche Verpflichtungen zu erf\u00fcllen, die durch geltende Gesetze vorgeschrieben sind (zum Beispiel das Verbraucherschutzgesetz, steuerliche und buchhalterische Vorschriften usw.).<\/p>\n<p><strong>**MagMe-Benutzerkonto \u2013**<\/strong> Um einen Kauf auf unserem Web zu t\u00e4tigen, m\u00fcssen Sie sich registrieren und ein Benutzerkonto er\u00f6ffnen. Bei der Er\u00f6ffnung eines Benutzerkontos werden wir Sie um Folgendes bitten: Name und Nachname, Adresse, Stadt, Landkreis, Postleitzahl<\/p>\n<p>, Telefonnummer, E-Mail-Adresse, Firmenname. Daten, die mit einem Sternchen (*) markiert sind, sind Daten, die notwendig sind, um ein Benutzerkonto zu er\u00f6ffnen. Sie sind nicht verpflichtet, uns die genannten Daten zu geben, aber im Falle der Weigerung k\u00f6nnen wir kein Benutzerkonto f\u00fcr Sie er\u00f6ffnen. Die Daten werden zum Zweck der Er\u00f6ffnung und Verwaltung des Benutzerkontos und der Durchf\u00fchrung des Kaufs verarbeitet.<\/p>\n<p><strong>**Cookies**<\/strong><\/p>\n<p><strong>**Was sind Cookies?**<\/strong><\/p>\n<p>Cookies sind kleine Textdateien, die auf Ihrem Computer, Tablet oder Mobilger\u00e4t gespeichert werden k\u00f6nnen und von Ihrem Webbrowser verwendet werden. Informationen, die durch Cookies und \u00e4hnliche Technologien gesammelt werden, k\u00f6nnen Daten \u00fcber Ihre Webanmeldung, Anmeldedetails, Standort, IP-Adresse, Informationen \u00fcber den Browser, Informationen \u00fcber das Ger\u00e4t, Dauer des Besuchs, durchsuchte Anzeigen, besuchte Seiten usw. enthalten. Die meisten Cookies, die wir verwenden, sind sogenannte &#8222;Session-Cookies&#8220;, die gel\u00f6scht werden, wenn eine bestimmte Browsersitzung endet. Es gibt einige persistente Cookies, mit denen wir Sie als Besucher erkennen k\u00f6nnen.<\/p>\n<p><strong>**M\u00f6chten Sie keine Cookies?**<\/strong><\/p>\n<p>Cookies k\u00f6nnen in den Einstellungen des Webbrowsers deaktiviert werden.<\/p>\n<p>https:\/\/support.google.com\/accounts\/answer\/61416<br \/>\nhttps:\/\/privacy.microsoft.com\/de-de\/windows-10-microsoft-edge-and-privacy<br \/>\nhttps:\/\/support.mozilla.org\/de\/kb\/Cookies-erlauben-und-ablehnen<br \/>\nhttps:\/\/support.microsoft.com\/de-de\/help\/17442\/windows-internet-explorer-delete-manage-cookies<br \/>\nhttps:\/\/support.apple.com\/de-de\/safari<\/p>\n<p><strong>**Kurz zu unseren Cookies**<\/strong><\/p>\n<p>Unser Web verwendet Cookies (im Folgenden als Cookies bezeichnet), um:<br \/>\n&#8211; Die ordnungsgem\u00e4\u00dfe Funktion und Funktionalit\u00e4t unseres Webs zu gew\u00e4hrleisten (Notwendige Cookies)<br \/>\n&#8211; Ihr Benutzererlebnis zu verbessern (Funktionale Cookies).<br \/>\n&#8211; Cookies von Drittanbietern f\u00fcr Remarketing-Werbung, zielgerichtete Werbung basierend auf Ihren Interessen (Marketing-Cookies)<br \/>\n&#8211; Cookies f\u00fcr Analyse und Statistik der Websitebesuche (Google Analytics, Facebook-Pixel, Gemius SA Cookies und notwendige Analyse-Cookies), um bestimmte technische Funktionen wie Analysen zu erm\u00f6glichen und somit ein positives Benutzererlebnis zu gew\u00e4hrleisten und die Qualit\u00e4t und den Inhalt der angebotenen Dienste zu verbessern.<br \/>\n<strong>**Erfahren Sie mehr \u00fcber Cookies und die verschiedenen Arten in der Cookie-Richtlinie**<\/strong><br \/>\n&#8211; <strong>**Links zu anderen Websites und sozialen Netzwerken**<\/strong><br \/>\nUnser Web enth\u00e4lt Links zu anderen Websites und zu Benutzerkonten des Webs in den sozialen Netzwerken Instagram und Facebook. Wenn Sie andere Websites \u00fcber die auf dem Web enthaltenen Links besuchen, beachten Sie bitte, dass diese Websites ihre eigenen Datenschutzrichtlinien haben, und wir empfehlen Ihnen, sich mit ihnen vertraut zu machen.<\/p>\n<p>Falls Sie \u00fcber soziale Netzwerke mit uns kommunizieren, zum Beispiel unsere Beitr\u00e4ge in sozialen Netzwerken teilen, wird der Server des sozialen Netzwerks den Besuch auf unserem Web registrieren und bestimmte Daten speichern und f\u00fcr weitere Zwecke verwenden. Wir haben keinen Einfluss auf den Umfang der Nutzung pers\u00f6nlicher Daten durch den Server des sozialen Netzwerks. Wir empfehlen Ihnen, sich mit den Datenschutzrichtlinien von FB und Instagram vertraut zu machen.<\/p>\n<p><strong>**Mit wem teilen wir pers\u00f6nliche Daten?**<\/strong><\/p>\n<p>Abh\u00e4ngig vom Zweck, f\u00fcr den sie gesammelt werden, k\u00f6nnen wir Ihre Daten mit Dritten teilen, die uns bei der Bereitstellung digitaler Dienste, der Wartung des Webs, Werbeagenturen, Marketing, digitalem Marketing und Werbung in sozialen Netzwerken, Dritten, die f\u00fcr die Lieferung des Preises notwendig sind, helfen<\/p>\n<p><strong>**Sicherheit und Speicherung pers\u00f6n licher Daten**<\/strong><\/p>\n<p>Wir speichern pers\u00f6nliche Daten innerhalb des Europ\u00e4ischen Wirtschaftsraums, nur so lange, wie es f\u00fcr den Zweck, f\u00fcr den sie gesammelt wurden, notwendig ist, es sei denn, wir unterliegen einer gesetzlichen Verpflichtung zur Aufbewahrung pers\u00f6nlicher Daten oder in anderen gerechtfertigten F\u00e4llen. Pers\u00f6nliche Daten in digitaler Form speichern wir in unseren IT-Systemen und auf Servern zuverl\u00e4ssiger Partner, deren Standort sich in Deutschland befindet. Wir ergreifen alle notwendigen organisatorischen und technischen Ma\u00dfnahmen, um sicherzustellen, dass pers\u00f6nliche Daten sicher sind und vor Verlust, Zerst\u00f6rung, \u00c4nderung, F\u00e4lschung, Manipulation und\/oder unbefugtem Zugriff gesch\u00fctzt sind. Wir verpflichten uns, Sie und\/oder die zust\u00e4ndige Beh\u00f6rde zu informieren, falls es zu einer Verletzung Ihrer pers\u00f6nlichen Daten kommt. Wir ergreifen Ma\u00dfnahmen, um sicherzustellen, dass die von uns gesammelten und verarbeiteten Daten in \u00dcbereinstimmung mit den Bestimmungen dieser Richtlinien und den gesetzlichen Anforderungen stehen. Wenn wir pers\u00f6nliche Daten mit Dritten teilen, verwenden wir geeignete rechtliche und technische Mechanismen, um pers\u00f6nliche Daten vor Verletzungen zu sch\u00fctzen.<\/p>\n<p><strong>**Ihre Rechte**<\/strong><\/p>\n<p><strong>**Recht auf Widerruf der gegebenen Zustimmung**<\/strong><\/p>\n<p>Wenn die Verarbeitung pers\u00f6nlicher Daten auf Ihrer Zustimmung beruht, haben Sie das Recht, Ihre Zustimmung jederzeit zu widerrufen. Der Widerruf der Zustimmung beeintr\u00e4chtigt nicht die Rechtm\u00e4\u00dfigkeit der Verarbeitung auf der Grundlage der Zustimmung vor deren Widerruf. Die Zustimmung zum Versenden von Newslettern k\u00f6nnen Sie durch Klicken auf Abmelden widerrufen, die Zustimmung f\u00fcr gegebene Cookies befindet sich in den Cookie-Einstellungen.<\/p>\n<p><strong>**Recht auf Zugang zu pers\u00f6nlichen Daten**<\/strong><\/p>\n<p>Sie k\u00f6nnen uns fragen, welche pers\u00f6nlichen Daten wir sammeln, zu welchen Zwecken, \u00fcber den voraussichtlichen Zeitraum, in dem die Daten gespeichert werden, oder \u00fcber die Kriterien, die zur Bestimmung dieses Zeitraums verwendet werden, das Vorhandensein automatisierter Entscheidungsfindung.<\/p>\n<p><strong>**Recht auf Berichtigung unrichtiger oder unvollst\u00e4ndiger Daten und das Recht auf L\u00f6schung**<\/strong><\/p>\n<p>Genauigkeit ist uns wichtig. Daher haben Sie, wenn Ihre Daten unrichtig und\/oder veraltet sind, das Recht, von uns die Berichtigung der Daten zu verlangen. In bestimmten F\u00e4llen haben Sie das Recht, die L\u00f6schung Ihrer Daten zu verlangen, d.h. das sogenannte Recht auf Vergessenwerden. Wir weisen darauf hin, dass das Recht auf Vergessenwerden kein absolutes Recht ist, und in bestimmten F\u00e4llen haben wir das Recht, Ihren Antrag abzulehnen.<\/p>\n<p><strong>**Recht auf Widerspruch gegen die Verarbeitung, die auf unseren legitimen Interessen basiert**<\/strong><\/p>\n<p>Sie k\u00f6nnen jederzeit Widerspruch gegen die Datenverarbeitung einlegen, wenn die Datenverarbeitung auf legitimen Interessen beruht. Nach Einlegung des Widerspruchs d\u00fcrfen wir die pers\u00f6nlichen Daten nicht weiterverarbeiten, es sei denn, wir k\u00f6nnen nachweisen, dass zwingende legitime Gr\u00fcnde f\u00fcr die Verarbeitung vorliegen, die Ihre Interessen, Rechte und Freiheiten \u00fcberwiegen, oder wenn die Daten zur Begr\u00fcndung, Aus\u00fcbung oder Verteidigung von Rechtsanspr\u00fcchen verarbeitet werden.<\/p>\n<p><strong>**Recht auf Information und Daten\u00fcbertragbarkeit**<\/strong><\/p>\n<p>Wir sind verpflichtet, pers\u00f6nliche Daten transparent und klar zu verarbeiten, und Sie haben das Recht, leicht verst\u00e4ndliche Informationen dar\u00fcber zu erhalten, wie wir Ihre pers\u00f6nlichen Daten verwenden. Zu diesem Zweck haben wir diese Richtlinien ver\u00f6ffentlicht, um zu erkl\u00e4ren, warum sie verarbeitet werden, auf m\u00f6glichst einfache Weise.<\/p>\n<p><strong>**Recht, eine Beschwerde bei der zust\u00e4ndigen Beh\u00f6rde einzureichen**<\/strong><\/p>\n<p>Wenn Sie der Meinung sind, dass wir Ihre pers\u00f6nlichen Daten verletzt haben und das Problem nicht zuerst mit uns l\u00f6sen m\u00f6chten, haben Sie das Recht, eine Beschwerde bei der Aufsichtsbeh\u00f6rde einzureichen, d.h. bei der Agentur f\u00fcr Datenschutz.<\/p>\n<p><strong>**Recht auf Einschr\u00e4nkung**<\/strong><\/p>\n<p>Die Verarbeitung pers\u00f6nlicher Daten kann eingeschr\u00e4nkt werden, wenn A\/ die Richtigkeit der pers\u00f6nlichen Daten bestritten wird, f\u00fcr einen Zeitraum, der es dem Verantwortlichen erm\u00f6glicht, die Richtigkeit der pers\u00f6nlichen Daten zu \u00fcberpr\u00fcfen, B\/ wenn wir die pers\u00f6nlichen Daten nicht mehr ben\u00f6tigen, Sie sie jedoch zur Feststellung, Aus\u00fcbung oder Verteidigung von Rechtsanspr\u00fcchen ben\u00f6tigen, C\/ wenn Sie Widerspruch gegen die Verarbeitung auf der Grundlage legitimer Interessen eingelegt haben, in der Zeit, in der gepr\u00fcft wird, ob die legitimen Interessen des Verantwortlichen Ihre Rechte \u00fcberwiegen, und D\/ Wenn die Verarbeitung unrechtm\u00e4\u00dfig ist, Sie sich aber gegen die L\u00f6schung des Daten und stattdessen eine Einschr\u00e4nkung verlangen.<\/p>\n<p><strong>**Wie Sie Ihre Rechte aus\u00fcben k\u00f6nnen**<\/strong><\/p>\n<p>Sie k\u00f6nnen Ihre Rechte aus\u00fcben, indem Sie einen Antrag \u00fcber diese E-Mail-Adresse info@deejay.hr oder an die Firmenadresse: Vicka Gecana 5, 10360 Zagreb mit dem Vermerk \u201eDatenschutz\u201c einreichen. Zur Bearbeitung Ihres Antrags haben wir das Recht, eine \u00dcberpr\u00fcfung Ihrer Identit\u00e4t zu verlangen.[\/vc_column_text][\/vc_column][vc_column width=&#8220;1\/6&#8243;][\/vc_column][\/vc_row]<\/p>\n<\/div>","protected":false},"excerpt":{"rendered":"<p>[vc_row][vc_column width=&#8220;1\/6&#8243;][\/vc_column][vc_column width=&#8220;2\/3&#8243;][vc_column_text]RADIO DEEJAY d.o.o., 10360 Sesvete, Vicka Gecana 5 (Eigent\u00fcmer der Website deejay.hr, im Folgenden als &#8222;Web&#8220; bezeichnet) als Verantwortlicher f\u00fcr die Datenverarbeitung, im Folgenden als (&#8222;Wir&#8220;) gem\u00e4\u00df dem Prinzip der Transparenz und den Bestimmungen der Allgemeinen Datenschutzverordnung (DSGVO)&#8230;<\/p>\n","protected":false},"author":1,"featured_media":0,"parent":0,"menu_order":0,"comment_status":"closed","ping_status":"open","template":"","meta":{"_acf_changed":false,"footnotes":""},"class_list":["post-4101","page","type-page","status-publish","hentry"],"acf":[],"_links":{"self":[{"href":"https:\/\/summer.deejay.hr\/de\/wp-json\/wp\/v2\/pages\/4101","targetHints":{"allow":["GET"]}}],"collection":[{"href":"https:\/\/summer.deejay.hr\/de\/wp-json\/wp\/v2\/pages"}],"about":[{"href":"https:\/\/summer.deejay.hr\/de\/wp-json\/wp\/v2\/types\/page"}],"author":[{"embeddable":true,"href":"https:\/\/summer.deejay.hr\/de\/wp-json\/wp\/v2\/users\/1"}],"replies":[{"embeddable":true,"href":"https:\/\/summer.deejay.hr\/de\/wp-json\/wp\/v2\/comments?post=4101"}],"version-history":[{"count":0,"href":"https:\/\/summer.deejay.hr\/de\/wp-json\/wp\/v2\/pages\/4101\/revisions"}],"wp:attachment":[{"href":"https:\/\/summer.deejay.hr\/de\/wp-json\/wp\/v2\/media?parent=4101"}],"curies":[{"name":"wp","href":"https:\/\/api.w.org\/{rel}","templated":true}]}}